{"id":4022,"date":"2021-06-14T05:11:58","date_gmt":"2021-06-14T05:11:58","guid":{"rendered":"http:\/\/vapesce.cz\/?page_id=4022"},"modified":"2021-08-10T14:03:55","modified_gmt":"2021-08-10T14:03:55","slug":"polydumstonava","status":"publish","type":"page","link":"http:\/\/vapesce.cz\/?page_id=4022","title":{"rendered":"Reference &#8211; Polyfunk\u010dn\u00ed d\u016fm Stonava"},"content":{"rendered":"<div class=\"brz-root__container brz-reset-all\">\n<section data-uid=\"nbuvpmqvvkqzcasmouqjfgwiaktftbmmdrzp\" id=\"nbuvpmqvvkqzcasmouqjfgwiaktftbmmdrzp\" class=\"brz-section brz-css-dpywn\">\n<div class=\"brz-section__content brz-section--boxed brz-css-nwqnv brz-css-wqima\" data-custom-id=\"atcpnrgyqgtsoupjjjwofwfhdhevcikqukvg\">\n<div class=\"brz-bg\">\n<div class=\"brz-bg-shape brz-bg-shape__top\"><\/div>\n<div class=\"brz-bg-shape brz-bg-shape__bottom\"><\/div>\n<\/div>\n<div class=\"brz-container brz-css-tsmdm\">\n<div class=\"brz-row__container brz-css-hrnsy\" data-custom-id=\"nnlpcgxfsnkqmpaygtslgzwuscaxfqzxnjcp\">\n<div class=\"brz-row brz-css-timvp\">\n<div class=\"brz-columns brz-css-tgflx brz-css-aveov\" data-custom-id=\"riqnvqkfsbosidiqbfckrisutxqtqpxpzajx\">\n<div class=\"brz-column__items brz-css-lgmio\">\n<div class=\"brz-css-myzbd brz-wrapper\">\n<div class=\"brz-rich-text brz-css-fvbde\" data-custom-id=\"yrlnpceteukqihpoffanxkjdpubhpsrhyhpi\">\n<div>\n<p class=\"brz-css-ngnpv\"><strong class=\"brz-cp-color2\">Zateplen\u00ed polyfunk\u010dn\u00edho domu a rekonstrukce st\u0159e\u0161n\u00edho pl\u00e1\u0161t\u011b<\/strong><\/p>\n<ul>\n<li class=\"brz-css-tpubt\"><span class=\"brz-cp-color7\">Zateplen\u00ed fas\u00e1dy kompozitn\u00edm syst\u00e9mem ETICS s pou\u017eit\u00edm technologie Weber terranova<\/span><\/li>\n<li class=\"brz-css-mmwtt\"><span class=\"brz-cp-color7\">Zateplen\u00ed sokl\u016f &#8211; povrchov\u00e1 \u00faprava marmolit<\/span><\/li>\n<li class=\"brz-css-vzdkt\"><span class=\"brz-cp-color7\">Mont\u00e1\u017e plastov\u00fdch oken <\/span><\/li>\n<li class=\"brz-css-pgqet\"><span class=\"brz-cp-color7\">V\u00fdm\u011bna pozednic bez rozebr\u00e1n\u00ed krovu<\/span><\/li>\n<li class=\"brz-css-uowdj\"><span class=\"brz-cp-color7\">Krytina rovn\u00e9 st\u0159echy dr\u00e1\u017ekov\u00e1n\u00edm ze svitk\u016f z Al plech<\/span><\/li>\n<li class=\"brz-css-hcozp\"><span class=\"brz-cp-color7\">Oplechov\u00e1n\u00ed v\u011btran\u00e9ho h\u0159ebene z Al plechu z h\u0159eben\u00e1\u010d\u016f<\/span><\/li>\n<li class=\"brz-css-ikria\"><span class=\"brz-cp-color7\">St\u0159e\u0161n\u00ed okna VELUX v\u010detn\u011b mont\u00e1\u017ee okenn\u00edho r\u00e1mu a lemov\u00e1n\u00ed do tvarovan\u00e9 krytiny<\/span><\/li>\n<li class=\"brz-css-nbkzr\"><span class=\"brz-cp-color7\">Oprava hromosvodov\u00e9 j\u00edmac\u00ed soustavy <\/span><\/li>\n<\/ul>\n<\/div>\n<\/div>\n<\/div>\n<\/div>\n<\/div>\n<\/div>\n<\/div>\n<div class=\"brz-row__container brz-css-hrnsy\" data-custom-id=\"cspbitljafamihwqokflbmtmqxxqkkoddxwg\">\n<div class=\"brz-row brz-css-timvp brz-css-viiam\">\n<div class=\"brz-columns brz-css-tgflx brz-css-vyoro\" data-custom-id=\"vhfuqvdgbcqnzxsxkffhudhgqlmzykhqffsi\">\n<div class=\"brz-column__items brz-css-lgmio\">\n<div class=\"brz-css-myzbd brz-wrapper\">\n<div class=\"brz-image brz-image__lightbox brz-css-xeand brz-css-gekwn\"><a class=\"brz-a\" href=\"http:\/\/vapesce.cz\/wp-content\/uploads\/brizy\/4022\/assets\/images\/iW=5000&#038;iH=any\/Facetune_04-06-2021-09-09-48-scaled.jpg\" data-brz-link-type=\"lightBox\" data-custom-id=\"ezhrghbgdhpcscprhprcikwpbpfrpfnieskt\"><picture class=\"brz-picture brz-d-block brz-p-relative brz-css-seels\"><source srcset=\"http:\/\/vapesce.cz\/wp-content\/uploads\/brizy\/4022\/assets\/images\/iW=767&#038;iH=575&#038;oX=0&#038;oY=35&#038;cW=767&#038;cH=460\/Facetune_04-06-2021-09-09-48-scaled.jpg 1x, http:\/\/vapesce.cz\/wp-content\/uploads\/brizy\/4022\/assets\/images\/iW=1534&#038;iH=1150&#038;oX=0&#038;oY=70&#038;cW=1534&#038;cH=920\/Facetune_04-06-2021-09-09-48-scaled.jpg 2x\" media=\"(min-width: 992px)\" \/><source srcset=\"http:\/\/vapesce.cz\/?brizy_media=wp-948d115c2f5683d9761acf057b20097b&#038;brizy_crop=iW%3D493%26iH%3D370%26oX%3D0%26oY%3D22%26cW%3D493%26cH%3D296&#038;brizy_post=4022 1x, http:\/\/vapesce.cz\/wp-content\/uploads\/brizy\/4022\/assets\/images\/iW=986&#038;iH=740&#038;oX=0&#038;oY=44&#038;cW=986&#038;cH=592\/Facetune_04-06-2021-09-09-48-scaled.jpg 2x\" media=\"(min-width: 768px)\" \/><img class=\"brz-img brz-p-absolute\" srcset=\"http:\/\/vapesce.cz\/?brizy_media=wp-948d115c2f5683d9761acf057b20097b&#038;brizy_crop=iW%3D430%26iH%3D323%26oX%3D0%26oY%3D19%26cW%3D430%26cH%3D258&#038;brizy_post=4022 1x, http:\/\/vapesce.cz\/wp-content\/uploads\/brizy\/4022\/assets\/images\/iW=860&#038;iH=646&#038;oX=0&#038;oY=38&#038;cW=860&#038;cH=516\/Facetune_04-06-2021-09-09-48-scaled.jpg 2x\" src=\"http:\/\/vapesce.cz\/wp-content\/uploads\/brizy\/4022\/assets\/images\/iW=767&#038;iH=575&#038;oX=0&#038;oY=35&#038;cW=767&#038;cH=460\/Facetune_04-06-2021-09-09-48-scaled.jpg\" alt=\"Reference\" draggable=\"false\" loading=\"lazy\" \/><\/picture><\/a><\/div>\n<\/div>\n<\/div>\n<\/div>\n<div class=\"brz-columns brz-css-tgflx brz-css-pmwqq\" data-custom-id=\"wifqrvyglaoietfreotfhngtwrsvloylzlah\">\n<div class=\"brz-column__items brz-css-lgmio\">\n<div class=\"brz-css-myzbd brz-wrapper\">\n<div class=\"brz-image brz-image__lightbox brz-css-wfftg brz-css-dnwto\"><a class=\"brz-a\" href=\"http:\/\/vapesce.cz\/wp-content\/uploads\/brizy\/4022\/assets\/images\/iW=5000&#038;iH=any\/Detail-scaled.jpg\" data-brz-link-type=\"lightBox\" data-custom-id=\"ldnniumybaplzdnpcjwosvuksngdmxzmdics\"><picture class=\"brz-picture brz-d-block brz-p-relative brz-css-tqxfl\"><source srcset=\"http:\/\/vapesce.cz\/wp-content\/uploads\/brizy\/4022\/assets\/images\/iW=343&#038;iH=458&#038;oX=0&#038;oY=0&#038;cW=343&#038;cH=458\/Detail-scaled.jpg 1x, http:\/\/vapesce.cz\/wp-content\/uploads\/brizy\/4022\/assets\/images\/iW=686&#038;iH=916&#038;oX=0&#038;oY=0&#038;cW=686&#038;cH=916\/Detail-scaled.jpg 2x\" media=\"(min-width: 992px)\" \/><source srcset=\"http:\/\/vapesce.cz\/?brizy_media=wp-bb36a4aadcbc4a201eff415dcfbb80a6&#038;brizy_crop=iW%3D215%26iH%3D287%26oX%3D0%26oY%3D0%26cW%3D215%26cH%3D287&#038;brizy_post=4022 1x, http:\/\/vapesce.cz\/wp-content\/uploads\/brizy\/4022\/assets\/images\/iW=430&#038;iH=574&#038;oX=0&#038;oY=0&#038;cW=430&#038;cH=574\/Detail-scaled.jpg 2x\" media=\"(min-width: 768px)\" \/><img class=\"brz-img brz-p-absolute\" srcset=\"http:\/\/vapesce.cz\/wp-content\/uploads\/brizy\/4022\/assets\/images\/iW=430&#038;iH=573&#038;oX=0&#038;oY=0&#038;cW=430&#038;cH=573\/Detail-scaled.jpg 1x, http:\/\/vapesce.cz\/wp-content\/uploads\/brizy\/4022\/assets\/images\/iW=860&#038;iH=1146&#038;oX=0&#038;oY=0&#038;cW=860&#038;cH=1146\/Detail-scaled.jpg 2x\" src=\"http:\/\/vapesce.cz\/wp-content\/uploads\/brizy\/4022\/assets\/images\/iW=343&#038;iH=458&#038;oX=0&#038;oY=0&#038;cW=343&#038;cH=458\/Detail-scaled.jpg\" alt=\"\" draggable=\"false\" loading=\"lazy\" \/><\/picture><\/a><\/div>\n<\/div>\n<\/div>\n<\/div>\n<\/div>\n<\/div>\n<div class=\"brz-row__container brz-css-hrnsy\" data-custom-id=\"ijsalfvciihfquqwwbwmlsnmncnvxqeyjpaq\">\n<div class=\"brz-row brz-css-timvp brz-css-viiam\">\n<div class=\"brz-columns brz-css-tgflx brz-css-ndxse\" data-custom-id=\"qtvesoinavvmunopbvbophaldezwlofsjqfw\">\n<div class=\"brz-column__items brz-css-lgmio\">\n<div class=\"brz-css-myzbd brz-wrapper\">\n<div class=\"brz-image brz-image__lightbox brz-css-gasis brz-css-mvdbg\"><a class=\"brz-a\" href=\"http:\/\/vapesce.cz\/wp-content\/uploads\/brizy\/4022\/assets\/images\/iW=5000&#038;iH=any\/Vchod-kav\u00e1rna-scaled.jpg\" data-brz-link-type=\"lightBox\" data-custom-id=\"csmltrszhtlmjihepvgfvqqtcsimcpwqdipp\"><picture class=\"brz-picture brz-d-block brz-p-relative brz-css-mqxut\"><source srcset=\"http:\/\/vapesce.cz\/wp-content\/uploads\/brizy\/4022\/assets\/images\/iW=360&#038;iH=479&#038;oX=0&#038;oY=0&#038;cW=360&#038;cH=479\/Vchod-kav\u00e1rna-scaled.jpg 1x, http:\/\/vapesce.cz\/wp-content\/uploads\/brizy\/4022\/assets\/images\/iW=720&#038;iH=958&#038;oX=0&#038;oY=0&#038;cW=720&#038;cH=958\/Vchod-kav\u00e1rna-scaled.jpg 2x\" media=\"(min-width: 992px)\" \/><source srcset=\"http:\/\/vapesce.cz\/?brizy_media=wp-29678005b4e6237e4e7cee664f99752f&#038;brizy_crop=iW%3D226%26iH%3D301%26oX%3D0%26oY%3D0%26cW%3D226%26cH%3D301&#038;brizy_post=4022 1x, http:\/\/vapesce.cz\/wp-content\/uploads\/brizy\/4022\/assets\/images\/iW=452&#038;iH=602&#038;oX=0&#038;oY=0&#038;cW=452&#038;cH=602\/Vchod-kav\u00e1rna-scaled.jpg 2x\" media=\"(min-width: 768px)\" \/><img class=\"brz-img brz-p-absolute\" srcset=\"http:\/\/vapesce.cz\/wp-content\/uploads\/brizy\/4022\/assets\/images\/iW=430&#038;iH=573&#038;oX=0&#038;oY=0&#038;cW=430&#038;cH=573\/Vchod-kav\u00e1rna-scaled.jpg 1x, http:\/\/vapesce.cz\/wp-content\/uploads\/brizy\/4022\/assets\/images\/iW=860&#038;iH=1146&#038;oX=0&#038;oY=0&#038;cW=860&#038;cH=1146\/Vchod-kav\u00e1rna-scaled.jpg 2x\" src=\"http:\/\/vapesce.cz\/wp-content\/uploads\/brizy\/4022\/assets\/images\/iW=360&#038;iH=479&#038;oX=0&#038;oY=0&#038;cW=360&#038;cH=479\/Vchod-kav\u00e1rna-scaled.jpg\" alt=\"\" draggable=\"false\" loading=\"lazy\" \/><\/picture><\/a><\/div>\n<\/div>\n<\/div>\n<\/div>\n<div class=\"brz-columns brz-css-tgflx brz-css-xejbt\" data-custom-id=\"htnciilgqlxnzunwzzygtebgneglztwcjuqf\">\n<div class=\"brz-column__items brz-css-lgmio\">\n<div class=\"brz-css-myzbd brz-wrapper\">\n<div class=\"brz-image brz-image__lightbox brz-css-qellr brz-css-aqdwp\"><a class=\"brz-a\" href=\"http:\/\/vapesce.cz\/wp-content\/uploads\/brizy\/4022\/assets\/images\/iW=5000&#038;iH=any\/Vchod-potraviny-scaled.jpg\" data-brz-link-type=\"lightBox\" data-custom-id=\"zfizuuhilwyrdrjbgvcbtwdapqcebgehcgro\"><picture class=\"brz-picture brz-d-block brz-p-relative brz-css-imebs\"><source srcset=\"http:\/\/vapesce.cz\/wp-content\/uploads\/brizy\/4022\/assets\/images\/iW=360&#038;iH=479&#038;oX=0&#038;oY=0&#038;cW=360&#038;cH=479\/Vchod-potraviny-scaled.jpg 1x, http:\/\/vapesce.cz\/wp-content\/uploads\/brizy\/4022\/assets\/images\/iW=720&#038;iH=958&#038;oX=0&#038;oY=0&#038;cW=720&#038;cH=958\/Vchod-potraviny-scaled.jpg 2x\" media=\"(min-width: 992px)\" \/><source srcset=\"http:\/\/vapesce.cz\/?brizy_media=wp-baa6fa8063eca4e00935cb7f39b9d046&#038;brizy_crop=iW%3D226%26iH%3D301%26oX%3D0%26oY%3D0%26cW%3D226%26cH%3D301&#038;brizy_post=4022 1x, http:\/\/vapesce.cz\/wp-content\/uploads\/brizy\/4022\/assets\/images\/iW=452&#038;iH=602&#038;oX=0&#038;oY=0&#038;cW=452&#038;cH=602\/Vchod-potraviny-scaled.jpg 2x\" media=\"(min-width: 768px)\" \/><img class=\"brz-img brz-p-absolute\" srcset=\"http:\/\/vapesce.cz\/wp-content\/uploads\/brizy\/4022\/assets\/images\/iW=430&#038;iH=573&#038;oX=0&#038;oY=0&#038;cW=430&#038;cH=573\/Vchod-potraviny-scaled.jpg 1x, http:\/\/vapesce.cz\/wp-content\/uploads\/brizy\/4022\/assets\/images\/iW=860&#038;iH=1146&#038;oX=0&#038;oY=0&#038;cW=860&#038;cH=1146\/Vchod-potraviny-scaled.jpg 2x\" src=\"http:\/\/vapesce.cz\/wp-content\/uploads\/brizy\/4022\/assets\/images\/iW=360&#038;iH=479&#038;oX=0&#038;oY=0&#038;cW=360&#038;cH=479\/Vchod-potraviny-scaled.jpg\" alt=\"\" draggable=\"false\" loading=\"lazy\" \/><\/picture><\/a><\/div>\n<\/div>\n<\/div>\n<\/div>\n<div class=\"brz-columns brz-css-tgflx brz-css-snnzd\" data-custom-id=\"oprwkkgpsisyqpmdcthpewbpycjoncfkvjft\">\n<div class=\"brz-column__items brz-css-lgmio\">\n<div class=\"brz-css-myzbd brz-wrapper\">\n<div class=\"brz-image brz-image__lightbox brz-css-ekira brz-css-eygmb\"><a class=\"brz-a\" href=\"http:\/\/vapesce.cz\/wp-content\/uploads\/brizy\/4022\/assets\/images\/iW=5000&#038;iH=any\/Detail-kopie-scaled.jpg\" data-brz-link-type=\"lightBox\" data-custom-id=\"rbwdbdpwfyqwirchzjqatvyjduxhwpkwstvk\"><picture class=\"brz-picture brz-d-block brz-p-relative brz-css-fzuds\"><source srcset=\"http:\/\/vapesce.cz\/wp-content\/uploads\/brizy\/4022\/assets\/images\/iW=361&#038;iH=481&#038;oX=0&#038;oY=0&#038;cW=361&#038;cH=481\/Detail-kopie-scaled.jpg 1x, http:\/\/vapesce.cz\/wp-content\/uploads\/brizy\/4022\/assets\/images\/iW=722&#038;iH=962&#038;oX=0&#038;oY=0&#038;cW=722&#038;cH=962\/Detail-kopie-scaled.jpg 2x\" media=\"(min-width: 992px)\" \/><source srcset=\"http:\/\/vapesce.cz\/?brizy_media=wp-3207b5bfafc5cd711e02c2be3b699575&#038;brizy_crop=iW%3D227%26iH%3D302%26oX%3D0%26oY%3D0%26cW%3D227%26cH%3D302&#038;brizy_post=4022 1x, http:\/\/vapesce.cz\/wp-content\/uploads\/brizy\/4022\/assets\/images\/iW=454&#038;iH=604&#038;oX=0&#038;oY=0&#038;cW=454&#038;cH=604\/Detail-kopie-scaled.jpg 2x\" media=\"(min-width: 768px)\" \/><img class=\"brz-img brz-p-absolute\" srcset=\"http:\/\/vapesce.cz\/?brizy_media=wp-3207b5bfafc5cd711e02c2be3b699575&#038;brizy_crop=iW%3D430%26iH%3D573%26oX%3D0%26oY%3D0%26cW%3D430%26cH%3D573&#038;brizy_post=4022 1x, http:\/\/vapesce.cz\/wp-content\/uploads\/brizy\/4022\/assets\/images\/iW=860&#038;iH=1146&#038;oX=0&#038;oY=0&#038;cW=860&#038;cH=1146\/Detail-kopie-scaled.jpg 2x\" src=\"http:\/\/vapesce.cz\/wp-content\/uploads\/brizy\/4022\/assets\/images\/iW=361&#038;iH=481&#038;oX=0&#038;oY=0&#038;cW=361&#038;cH=481\/Detail-kopie-scaled.jpg\" alt=\"\" draggable=\"false\" loading=\"lazy\" \/><\/picture><\/a><\/div>\n<\/div>\n<\/div>\n<\/div>\n<\/div>\n<\/div>\n<\/div>\n<\/div>\n<\/section>\n<\/div>\n<p><!-- version:1719392741 --><\/p>\n","protected":false},"excerpt":{"rendered":"<p>Zateplen\u00ed polyfunk\u010dn\u00edho domu a rekonstrukce st\u0159e\u0161n\u00edho pl\u00e1\u0161t\u011b Zateplen\u00ed fas\u00e1dy kompozitn\u00edm syst\u00e9mem ETICS s pou\u017eit\u00edm technologie Weber terranova Zateplen\u00ed sokl\u016f &#8211; povrchov\u00e1 \u00faprava marmolit Mont\u00e1\u017e plastov\u00fdch oken V\u00fdm\u011bna pozednic bez rozebr\u00e1n\u00ed krovu Krytina rovn\u00e9 st\u0159echy dr\u00e1\u017ekov\u00e1n\u00edm ze svitk\u016f z Al plech Oplechov\u00e1n\u00ed v\u011btran\u00e9ho h\u0159ebene z Al plechu z h\u0159eben\u00e1\u010d\u016f St\u0159e\u0161n\u00ed okna VELUX v\u010detn\u011b mont\u00e1\u017ee okenn\u00edho r\u00e1mu &hellip;<\/p>\n<p class=\"read-more\"> <a class=\"\" href=\"http:\/\/vapesce.cz\/?page_id=4022\"> <span class=\"screen-reader-text\">Reference &#8211; Polyfunk\u010dn\u00ed d\u016fm Stonava<\/span> Pokra\u010dovat ve \u010dten\u00ed &raquo;<\/a><\/p>\n","protected":false},"author":1,"featured_media":0,"parent":0,"menu_order":0,"comment_status":"closed","ping_status":"closed","template":"","meta":[],"yoast_head":"<!-- This site is optimized with the Yoast SEO plugin v14.6.1 - https:\/\/yoast.com\/wordpress\/plugins\/seo\/ -->\n<title>Reference - Polyfunk\u010dn\u00ed d\u016fm Stonava - Vapes CE s. r. o.<\/title>\n<meta name=\"description\" content=\"Stavebn\u00ed spole\u010dnost VapesCE\" \/>\n<meta name=\"robots\" content=\"index, follow\" \/>\n<meta name=\"googlebot\" content=\"index, follow, max-snippet:-1, max-image-preview:large, max-video-preview:-1\" \/>\n<meta name=\"bingbot\" content=\"index, follow, max-snippet:-1, max-image-preview:large, max-video-preview:-1\" \/>\n<link rel=\"canonical\" href=\"http:\/\/vapesce.cz\/?page_id=4022\" \/>\n<meta property=\"og:locale\" content=\"cs_CZ\" \/>\n<meta property=\"og:type\" content=\"article\" \/>\n<meta property=\"og:title\" content=\"Reference - Polyfunk\u010dn\u00ed d\u016fm Stonava - Vapes CE s. r. o.\" \/>\n<meta property=\"og:description\" content=\"Stavebn\u00ed spole\u010dnost VapesCE\" \/>\n<meta property=\"og:url\" content=\"http:\/\/vapesce.cz\/?page_id=4022\" \/>\n<meta property=\"og:site_name\" content=\"Vapes CE s. r. o.\" \/>\n<meta property=\"article:modified_time\" content=\"2021-08-10T14:03:55+00:00\" \/>\n<meta property=\"og:image\" content=\"http:\/\/@brizy_SITE_URL_PLACEHOLDER@\/?brizy_media=wp-948d115c2f5683d9761acf057b20097b&#038;brizy_crop=iW%3D767%26iH%3D575%26oX%3D0%26oY%3D35%26cW%3D767%26cH%3D460&#038;brizy_post=4022\" \/>\n<meta name=\"twitter:card\" content=\"summary_large_image\" \/>\n<script type=\"application\/ld+json\" class=\"yoast-schema-graph\">{\"@context\":\"https:\/\/schema.org\",\"@graph\":[{\"@type\":\"Organization\",\"@id\":\"http:\/\/vapesce.cz\/#organization\",\"name\":\"VapesCE\",\"url\":\"http:\/\/vapesce.cz\/\",\"sameAs\":[],\"logo\":{\"@type\":\"ImageObject\",\"@id\":\"http:\/\/vapesce.cz\/#logo\",\"inLanguage\":\"cs\",\"url\":\"http:\/\/vapesce.cz\/wp-content\/uploads\/2020\/06\/VAPES-CE-logo.001.png\",\"width\":1873,\"height\":460,\"caption\":\"VapesCE\"},\"image\":{\"@id\":\"http:\/\/vapesce.cz\/#logo\"}},{\"@type\":\"WebSite\",\"@id\":\"http:\/\/vapesce.cz\/#website\",\"url\":\"http:\/\/vapesce.cz\/\",\"name\":\"Vapes CE s. r. o.\",\"description\":\"Stavebn\\u00ed spole\\u010dnost\",\"publisher\":{\"@id\":\"http:\/\/vapesce.cz\/#organization\"},\"potentialAction\":[{\"@type\":\"SearchAction\",\"target\":\"http:\/\/vapesce.cz\/?s={search_term_string}\",\"query-input\":\"required name=search_term_string\"}],\"inLanguage\":\"cs\"},{\"@type\":\"ImageObject\",\"@id\":\"http:\/\/vapesce.cz\/?page_id=4022#primaryimage\",\"inLanguage\":\"cs\",\"url\":\"http:\/\/vapesce.cz\/wp-content\/uploads\/brizy\/4022\/assets\/images\/iW=767&iH=575&oX=0&oY=35&cW=767&cH=460\/Facetune_04-06-2021-09-09-48-scaled.jpg\"},{\"@type\":\"WebPage\",\"@id\":\"http:\/\/vapesce.cz\/?page_id=4022#webpage\",\"url\":\"http:\/\/vapesce.cz\/?page_id=4022\",\"name\":\"Reference - Polyfunk\\u010dn\\u00ed d\\u016fm Stonava - Vapes CE s. r. o.\",\"isPartOf\":{\"@id\":\"http:\/\/vapesce.cz\/#website\"},\"primaryImageOfPage\":{\"@id\":\"http:\/\/vapesce.cz\/?page_id=4022#primaryimage\"},\"datePublished\":\"2021-06-14T05:11:58+00:00\",\"dateModified\":\"2021-08-10T14:03:55+00:00\",\"description\":\"Stavebn\\u00ed spole\\u010dnost VapesCE\",\"inLanguage\":\"cs\",\"potentialAction\":[{\"@type\":\"ReadAction\",\"target\":[\"http:\/\/vapesce.cz\/?page_id=4022\"]}]}]}<\/script>\n<!-- \/ Yoast SEO plugin. -->","_links":{"self":[{"href":"http:\/\/vapesce.cz\/index.php?rest_route=\/wp\/v2\/pages\/4022"}],"collection":[{"href":"http:\/\/vapesce.cz\/index.php?rest_route=\/wp\/v2\/pages"}],"about":[{"href":"http:\/\/vapesce.cz\/index.php?rest_route=\/wp\/v2\/types\/page"}],"author":[{"embeddable":true,"href":"http:\/\/vapesce.cz\/index.php?rest_route=\/wp\/v2\/users\/1"}],"replies":[{"embeddable":true,"href":"http:\/\/vapesce.cz\/index.php?rest_route=%2Fwp%2Fv2%2Fcomments&post=4022"}],"version-history":[{"count":26,"href":"http:\/\/vapesce.cz\/index.php?rest_route=\/wp\/v2\/pages\/4022\/revisions"}],"predecessor-version":[{"id":6611,"href":"http:\/\/vapesce.cz\/index.php?rest_route=\/wp\/v2\/pages\/4022\/revisions\/6611"}],"wp:attachment":[{"href":"http:\/\/vapesce.cz\/index.php?rest_route=%2Fwp%2Fv2%2Fmedia&parent=4022"}],"curies":[{"name":"wp","href":"https:\/\/api.w.org\/{rel}","templated":true}]}}